{"id":174,"date":"2015-04-20T19:36:00","date_gmt":"2015-04-20T19:36:00","guid":{"rendered":"http:\/\/monotransistor.de\/?page_id=174"},"modified":"2015-04-20T19:37:53","modified_gmt":"2015-04-20T19:37:53","slug":"grundig-1715a","status":"publish","type":"page","link":"https:\/\/monotransistor.de\/?page_id=174","title":{"rendered":"Grundig 1715a"},"content":{"rendered":"<p><meta name=\"viewport\" content=\"width=960\" \/><\/p>\n<table style=\"margin: 0px auto;\" width=\"612\">\n<tbody>\n<tr>\n<td style=\"border: none;\">\n<p style=\"text-align:justify;\">Der Grundig Triumph 1715a ist eine Variation des 1715 und unterscheidet sich von diesem in einigen marginalen \u00e4u\u00dferlichen Details. Er wurde ebenfalls in den Jahren 1973 bis 1975 gebaut und war Teil der Serie tragbarer Fernseher.<\/p>\n<\/td>\n<\/tbody>\n<\/table>\n<div id=\"metaslider-id-173\" style=\"max-width: 600px; margin: 0 auto;\" class=\"ml-slider-3-106-0 metaslider metaslider-flex metaslider-173 ml-slider has-dots-nav ms-theme-default\" role=\"region\" aria-label=\"grundig1715a\" data-height=\"400\" data-width=\"600\">\n    <div id=\"metaslider_container_173\">\n        <div id=\"metaslider_173\">\n            <ul class='slides'>\n                <li style=\"display: block; width: 100%;\" class=\"slide-37 ms-image \" aria-roledescription=\"slide\" data-date=\"2015-04-19 19:32:03\" data-filename=\"grundig_1715a_1.jpg\" data-slide-type=\"image\"><img loading=\"lazy\" decoding=\"async\" width=\"1548\" height=\"1025\" src=\"https:\/\/monotransistor.de\/wp-content\/uploads\/2015\/04\/grundig_1715a_1.jpg\" class=\"slider-173 slide-37 msDefaultImage\" alt=\"\" rel=\"\" title=\"\" style=\"margin-top: 0.22609819121447%\" srcset=\"https:\/\/monotransistor.de\/wp-content\/uploads\/2015\/04\/grundig_1715a_1.jpg 1548w, https:\/\/monotransistor.de\/wp-content\/uploads\/2015\/04\/grundig_1715a_1-300x199.jpg 300w, https:\/\/monotransistor.de\/wp-content\/uploads\/2015\/04\/grundig_1715a_1-1024x678.jpg 1024w\" sizes=\"auto, (max-width: 1548px) 100vw, 1548px\" \/><\/li>\n                <li style=\"display: none; width: 100%;\" class=\"slide-38 ms-image \" aria-roledescription=\"slide\" data-date=\"2015-04-19 19:33:16\" data-filename=\"grundig_1715a_2.jpg\" data-slide-type=\"image\"><img loading=\"lazy\" decoding=\"async\" width=\"1556\" height=\"1031\" src=\"https:\/\/monotransistor.de\/wp-content\/uploads\/2015\/04\/grundig_1715a_2.jpg\" class=\"slider-173 slide-38 msDefaultImage\" alt=\"\" rel=\"\" title=\"\" style=\"margin-top: 0.20351328191945%\" srcset=\"https:\/\/monotransistor.de\/wp-content\/uploads\/2015\/04\/grundig_1715a_2.jpg 1556w, https:\/\/monotransistor.de\/wp-content\/uploads\/2015\/04\/grundig_1715a_2-300x199.jpg 300w, https:\/\/monotransistor.de\/wp-content\/uploads\/2015\/04\/grundig_1715a_2-1024x678.jpg 1024w\" sizes=\"auto, (max-width: 1556px) 100vw, 1556px\" \/><\/li>\n                <li style=\"display: none; width: 100%;\" class=\"slide-39 ms-image \" aria-roledescription=\"slide\" data-date=\"2015-04-19 19:33:58\" data-filename=\"grundig_1715a_3.jpg\" data-slide-type=\"image\"><img loading=\"lazy\" decoding=\"async\" width=\"1667\" height=\"1104\" src=\"https:\/\/monotransistor.de\/wp-content\/uploads\/2015\/04\/grundig_1715a_3.jpg\" class=\"slider-173 slide-39 msDefaultImage\" alt=\"\" rel=\"\" title=\"\" style=\"margin-top: 0.21995600879824%\" srcset=\"https:\/\/monotransistor.de\/wp-content\/uploads\/2015\/04\/grundig_1715a_3.jpg 1667w, https:\/\/monotransistor.de\/wp-content\/uploads\/2015\/04\/grundig_1715a_3-300x199.jpg 300w, https:\/\/monotransistor.de\/wp-content\/uploads\/2015\/04\/grundig_1715a_3-1024x678.jpg 1024w\" sizes=\"auto, (max-width: 1667px) 100vw, 1667px\" \/><\/li>\n                <li style=\"display: none; width: 100%;\" class=\"slide-40 ms-image \" aria-roledescription=\"slide\" data-date=\"2015-04-19 19:34:23\" data-filename=\"grundig_1715a_4.jpg\" data-slide-type=\"image\"><img loading=\"lazy\" decoding=\"async\" width=\"2195\" height=\"1453\" src=\"https:\/\/monotransistor.de\/wp-content\/uploads\/2015\/04\/grundig_1715a_4.jpg\" class=\"slider-173 slide-40 msDefaultImage\" alt=\"\" rel=\"\" title=\"\" style=\"margin-top: 0.23538344722855%\" srcset=\"https:\/\/monotransistor.de\/wp-content\/uploads\/2015\/04\/grundig_1715a_4.jpg 2195w, https:\/\/monotransistor.de\/wp-content\/uploads\/2015\/04\/grundig_1715a_4-300x199.jpg 300w, https:\/\/monotransistor.de\/wp-content\/uploads\/2015\/04\/grundig_1715a_4-1024x678.jpg 1024w\" sizes=\"auto, (max-width: 2195px) 100vw, 2195px\" \/><\/li>\n            <\/ul>\n        <\/div>\n        \n    <\/div>\n<\/div>\n<p>&nbsp;<\/p>\n<table style=\"border: none;\" width=\"612\">\n<tbody>\n<tr>\n<td style=\"border: none;\">\n<p style=\"text-align: left;\"><span style=\"text-decoration: underline;\">Urspr\u00fcngliche technische Daten<\/span><\/p>\n<p>Gewicht: 14 kg<br \/>\nBatteriespannung: 12 V<br \/>\nNetzspannung: 220 V, Wechselstrom<br \/>\nAufnahme bei 220 V: 35 W<br \/>\nAufnahme bei Batteriebetrieb: 20 W<br \/>\nSicherungen: 400 mAT, 2,5 AT<br \/>\nBildr\u00f6hre: A 44 &#8211; 280 W<br \/>\nTransistoren: 17<br \/>\nThyristoren: 1<br \/>\nDioden und Gleichrichter: 33<br \/>\nIntegrierte Schaltkreise: 9<br \/>\nAntennen-Eingang: 75 \u03a9 (VHF + UHF)<br \/>\n(nach DIN 45325)<br \/>\nEmpfangsbereiche: Kan\u00e4le 2 &#8230; 12 (VHF)<br \/>\nKan\u00e4le 21 &#8230; 60\/68 (UHF)<br \/>\nBild-ZF: 38,9 MHz<br \/>\nTon-ZF: 1 W<br \/>\nLautsprecher: 1, (15 \u03a9 \/ 0,7 Tesla)<br \/>\nBesonderheiten: Eingebaute Teleskop-Antenne,<br \/>\nAnschluss f\u00fcr Kleinh\u00f6rer und Kopfh\u00f6rer<br \/>\nnach DIN 45318<\/td>\n<td style=\"border: none;\">\n<p style=\"text-align: left;\"><span style=\"text-decoration: underline;\">Technische Daten nach Umbau<\/span><\/p>\n<p>Gewicht: ca. 8 kg<br \/>\nNetzspannung: 100 &#8211; 240 V, Wechselstrom<br \/>\nAufnahme bei 220 V: &lt; 60 W<br \/>\nBildschirm: 17 Zoll LCD<br \/>\nSeitenverh\u00e4ltnis: 4:3<br \/>\nAufl\u00f6sung: max. 1280&#215;1024<br \/>\nTuner: Analog<br \/>\nSCART<br \/>\nS-Video<br \/>\nComposite AV<br \/>\nVGA<br \/>\nAudio-In (Klinke 3,5)<br \/>\nAudio-Out (Klinke 3,5)<br \/>\nLautsprecher: 2 x 2 W<br \/>\nBesonderheiten: Slot-In DVD-Player,<br \/>\nFernbedienung<\/td>\n<\/tr>\n<\/tbody>\n<\/table>\n","protected":false},"excerpt":{"rendered":"<p>Der Grundig Triumph 1715a ist eine Variation des 1715 und unterscheidet sich von diesem in einigen marginalen \u00e4u\u00dferlichen Details. Er wurde ebenfalls in den Jahren 1973 bis 1975 gebaut und war Teil der Serie tragbarer Fernseher. &nbsp; Urspr\u00fcngliche technische Daten Gewicht: 14 kg Batteriespannung: 12 V Netzspannung: 220 V, Wechselstrom Aufnahme bei 220 V: 35 [&hellip;]<\/p>\n","protected":false},"author":1,"featured_media":0,"parent":0,"menu_order":0,"comment_status":"closed","ping_status":"closed","template":"","meta":{"footnotes":""},"class_list":["post-174","page","type-page","status-publish","hentry"],"_links":{"self":[{"href":"https:\/\/monotransistor.de\/index.php?rest_route=\/wp\/v2\/pages\/174","targetHints":{"allow":["GET"]}}],"collection":[{"href":"https:\/\/monotransistor.de\/index.php?rest_route=\/wp\/v2\/pages"}],"about":[{"href":"https:\/\/monotransistor.de\/index.php?rest_route=\/wp\/v2\/types\/page"}],"author":[{"embeddable":true,"href":"https:\/\/monotransistor.de\/index.php?rest_route=\/wp\/v2\/users\/1"}],"replies":[{"embeddable":true,"href":"https:\/\/monotransistor.de\/index.php?rest_route=%2Fwp%2Fv2%2Fcomments&post=174"}],"version-history":[{"count":5,"href":"https:\/\/monotransistor.de\/index.php?rest_route=\/wp\/v2\/pages\/174\/revisions"}],"predecessor-version":[{"id":180,"href":"https:\/\/monotransistor.de\/index.php?rest_route=\/wp\/v2\/pages\/174\/revisions\/180"}],"wp:attachment":[{"href":"https:\/\/monotransistor.de\/index.php?rest_route=%2Fwp%2Fv2%2Fmedia&parent=174"}],"curies":[{"name":"wp","href":"https:\/\/api.w.org\/{rel}","templated":true}]}}