{"id":181,"date":"2015-04-20T19:39:32","date_gmt":"2015-04-20T19:39:32","guid":{"rendered":"http:\/\/monotransistor.de\/?page_id=181"},"modified":"2015-04-20T19:40:59","modified_gmt":"2015-04-20T19:40:59","slug":"grundig-1832","status":"publish","type":"page","link":"https:\/\/monotransistor.de\/?page_id=181","title":{"rendered":"Grundig 1832"},"content":{"rendered":"<p><meta name=\"viewport\" content=\"width=960\" \/><\/p>\n<table style=\"margin: 0px auto;\" width=\"612\">\n<tbody>\n<tr>\n<td style=\"border: none;\">\n<p style=\"text-align: left;\" align=\"justify\">Der Grundig Super Color 1832 stammt aus den Jahren 1978 und 1979.<\/p>\n<\/td>\n<\/tbody>\n<\/table>\n<div id=\"metaslider-id-184\" style=\"max-width: 600px; margin: 0 auto;\" class=\"ml-slider-3-106-0 metaslider metaslider-flex metaslider-184 ml-slider has-dots-nav ms-theme-default\" role=\"region\" aria-label=\"grundig1832\" data-height=\"400\" data-width=\"600\">\n    <div id=\"metaslider_container_184\">\n        <div id=\"metaslider_184\">\n            <ul class='slides'>\n                <li style=\"display: block; width: 100%;\" class=\"slide-54 ms-image \" aria-roledescription=\"slide\" data-date=\"2015-04-19 19:45:44\" data-filename=\"grundig_1832_1.jpg\" data-slide-type=\"image\"><img loading=\"lazy\" decoding=\"async\" width=\"1451\" height=\"961\" src=\"https:\/\/monotransistor.de\/wp-content\/uploads\/2015\/04\/grundig_1832_1.jpg\" class=\"slider-184 slide-54 msDefaultImage\" alt=\"\" rel=\"\" title=\"\" style=\"margin-top: 0.21824029405008%\" srcset=\"https:\/\/monotransistor.de\/wp-content\/uploads\/2015\/04\/grundig_1832_1.jpg 1451w, https:\/\/monotransistor.de\/wp-content\/uploads\/2015\/04\/grundig_1832_1-300x199.jpg 300w, https:\/\/monotransistor.de\/wp-content\/uploads\/2015\/04\/grundig_1832_1-1024x678.jpg 1024w\" sizes=\"auto, (max-width: 1451px) 100vw, 1451px\" \/><\/li>\n                <li style=\"display: none; width: 100%;\" class=\"slide-55 ms-image \" aria-roledescription=\"slide\" data-date=\"2015-04-19 19:45:45\" data-filename=\"grundig_1832_2.jpg\" data-slide-type=\"image\"><img loading=\"lazy\" decoding=\"async\" width=\"848\" height=\"564\" src=\"https:\/\/monotransistor.de\/wp-content\/uploads\/2015\/04\/grundig_1832_2.jpg\" class=\"slider-184 slide-55 msDefaultImage\" alt=\"\" rel=\"\" title=\"\" style=\"margin-top: 0.078616352201261%\" srcset=\"https:\/\/monotransistor.de\/wp-content\/uploads\/2015\/04\/grundig_1832_2.jpg 848w, https:\/\/monotransistor.de\/wp-content\/uploads\/2015\/04\/grundig_1832_2-300x200.jpg 300w\" sizes=\"auto, (max-width: 848px) 100vw, 848px\" \/><\/li>\n                <li style=\"display: none; width: 100%;\" class=\"slide-56 ms-image \" aria-roledescription=\"slide\" data-date=\"2015-04-19 19:45:46\" data-filename=\"grundig_1832_3.jpg\" data-slide-type=\"image\"><img loading=\"lazy\" decoding=\"async\" width=\"767\" height=\"508\" src=\"https:\/\/monotransistor.de\/wp-content\/uploads\/2015\/04\/grundig_1832_3.jpg\" class=\"slider-184 slide-56 msDefaultImage\" alt=\"\" rel=\"\" title=\"\" style=\"margin-top: 0.21729682746632%\" srcset=\"https:\/\/monotransistor.de\/wp-content\/uploads\/2015\/04\/grundig_1832_3.jpg 767w, https:\/\/monotransistor.de\/wp-content\/uploads\/2015\/04\/grundig_1832_3-300x199.jpg 300w\" sizes=\"auto, (max-width: 767px) 100vw, 767px\" \/><\/li>\n                <li style=\"display: none; width: 100%;\" class=\"slide-57 ms-image \" aria-roledescription=\"slide\" data-date=\"2015-04-19 19:45:47\" data-filename=\"grundig_1832_4.jpg\" data-slide-type=\"image\"><img loading=\"lazy\" decoding=\"async\" width=\"1025\" height=\"1537\" src=\"https:\/\/monotransistor.de\/wp-content\/uploads\/2015\/04\/grundig_1832_4.jpg\" class=\"slider-184 slide-57 msDefaultImage\" alt=\"\" rel=\"\" title=\"\" style=\"margin: 0 auto; width: 44.45890262416%\" srcset=\"https:\/\/monotransistor.de\/wp-content\/uploads\/2015\/04\/grundig_1832_4.jpg 1025w, https:\/\/monotransistor.de\/wp-content\/uploads\/2015\/04\/grundig_1832_4-200x300.jpg 200w, https:\/\/monotransistor.de\/wp-content\/uploads\/2015\/04\/grundig_1832_4-683x1024.jpg 683w\" sizes=\"auto, (max-width: 1025px) 100vw, 1025px\" \/><\/li>\n                <li style=\"display: none; width: 100%;\" class=\"slide-58 ms-image \" aria-roledescription=\"slide\" data-date=\"2015-04-19 19:45:48\" data-filename=\"grundig_1832_5.jpg\" data-slide-type=\"image\"><img loading=\"lazy\" decoding=\"async\" width=\"681\" height=\"1022\" src=\"https:\/\/monotransistor.de\/wp-content\/uploads\/2015\/04\/grundig_1832_5.jpg\" class=\"slider-184 slide-58 msDefaultImage\" alt=\"\" rel=\"\" title=\"\" style=\"margin: 0 auto; width: 44.422700587084%\" srcset=\"https:\/\/monotransistor.de\/wp-content\/uploads\/2015\/04\/grundig_1832_5.jpg 681w, https:\/\/monotransistor.de\/wp-content\/uploads\/2015\/04\/grundig_1832_5-200x300.jpg 200w\" sizes=\"auto, (max-width: 681px) 100vw, 681px\" \/><\/li>\n            <\/ul>\n        <\/div>\n        \n    <\/div>\n<\/div>\n<p>&nbsp;<\/p>\n<table width=\"612\">\n<tbody>\n<tr>\n<td style=\"border: none;\">\n<p style=\"text-align: left;\"><span style=\"text-decoration: underline;\">Urspr\u00fcngliche technische Daten<\/span><\/p>\n<p>Netzspannung: 220 V, Wechselstrom<br \/>\nAntennen-Eingang: 75 \u03a9 (VHF + UHF)<br \/>\n(nach DIN 45325)<br \/>\nEmpfangsbereiche: Kan\u00e4le 2 &#8230; 12 (VHF)<br \/>\nKan\u00e4le 21 &#8230; 60\/68 (UHF)<br \/>\nLautsprecher: 1<br \/>\nBesonderheiten: Eingebaute Teleskop-Antenne,<br \/>\nAnschluss f\u00fcr Kleinh\u00f6rer und Kopfh\u00f6rer<br \/>\nnach DIN 45318, Fernbedienung<\/td>\n<td style=\"border: none;\">\n<p style=\"text-align: left;\"><span style=\"text-decoration: underline;\">Technische Daten nach Umbau<\/span><\/p>\n<p>Gewicht: ca. 8 kg<br \/>\nNetzspannung: 100 &#8211; 240 V, Wechselstrom<br \/>\nBildschirm: 19 Zoll LCD<br \/>\nSeitenverh\u00e4ltnis: 16:9<br \/>\nAufl\u00f6sung: HD ready (1280&#215;720)<br \/>\nHelligkeit: 300 cd\/m\u00b2<br \/>\nReaktionszeit: 5 ms<br \/>\nTuner: Analog, DVB-T<br \/>\nSCART<br \/>\nComposite AV<br \/>\nHDMI<br \/>\nYPbPr Input<br \/>\nVGA<br \/>\nAudio-In (Klinke 3,5)<br \/>\nAudio-Out (Klinke 3,5)<br \/>\nLautsprecher: 2 x 2 W<br \/>\nBesonderheiten: USB, SD\/MMC Kartenanschluss,<br \/>\nFernbedienung, elektronische Programmzeitschrift (EPG)<\/td>\n<\/tr>\n<\/tbody>\n<\/table>\n","protected":false},"excerpt":{"rendered":"<p>Der Grundig Super Color 1832 stammt aus den Jahren 1978 und 1979. &nbsp; Urspr\u00fcngliche technische Daten Netzspannung: 220 V, Wechselstrom Antennen-Eingang: 75 \u03a9 (VHF + UHF) (nach DIN 45325) Empfangsbereiche: Kan\u00e4le 2 &#8230; 12 (VHF) Kan\u00e4le 21 &#8230; 60\/68 (UHF) Lautsprecher: 1 Besonderheiten: Eingebaute Teleskop-Antenne, Anschluss f\u00fcr Kleinh\u00f6rer und Kopfh\u00f6rer nach DIN 45318, Fernbedienung Technische [&hellip;]<\/p>\n","protected":false},"author":1,"featured_media":0,"parent":0,"menu_order":0,"comment_status":"closed","ping_status":"closed","template":"","meta":{"footnotes":""},"class_list":["post-181","page","type-page","status-publish","hentry"],"_links":{"self":[{"href":"https:\/\/monotransistor.de\/index.php?rest_route=\/wp\/v2\/pages\/181","targetHints":{"allow":["GET"]}}],"collection":[{"href":"https:\/\/monotransistor.de\/index.php?rest_route=\/wp\/v2\/pages"}],"about":[{"href":"https:\/\/monotransistor.de\/index.php?rest_route=\/wp\/v2\/types\/page"}],"author":[{"embeddable":true,"href":"https:\/\/monotransistor.de\/index.php?rest_route=\/wp\/v2\/users\/1"}],"replies":[{"embeddable":true,"href":"https:\/\/monotransistor.de\/index.php?rest_route=%2Fwp%2Fv2%2Fcomments&post=181"}],"version-history":[{"count":3,"href":"https:\/\/monotransistor.de\/index.php?rest_route=\/wp\/v2\/pages\/181\/revisions"}],"predecessor-version":[{"id":185,"href":"https:\/\/monotransistor.de\/index.php?rest_route=\/wp\/v2\/pages\/181\/revisions\/185"}],"wp:attachment":[{"href":"https:\/\/monotransistor.de\/index.php?rest_route=%2Fwp%2Fv2%2Fmedia&parent=181"}],"curies":[{"name":"wp","href":"https:\/\/api.w.org\/{rel}","templated":true}]}}