{"id":242,"date":"2015-07-12T10:56:07","date_gmt":"2015-07-12T10:56:07","guid":{"rendered":"http:\/\/monotransistor.de\/?page_id=242"},"modified":"2015-10-14T19:02:59","modified_gmt":"2015-10-14T19:02:59","slug":"prandoni-273","status":"publish","type":"page","link":"https:\/\/monotransistor.de\/?page_id=242","title":{"rendered":"Prandoni 273"},"content":{"rendered":"<p><meta name=\"viewport\" content=\"width=960\" \/><\/p>\n<table style=\"margin: 0px auto;\" width=\"612\">\n<tbody>\n<tr>\n<td style=\"border: none;\">\n<p style=\"text-align:justify;\">Der Prandoni Nuclear Mod. 273 stammt wahrscheinlich aus dem Jahr 1970. Die italienische Firma Prandoni S.p.A. war ein Radio- und Fernseherhersteller, der bekannt daf\u00fcr war, zuverl\u00e4ssige und qualitativ hochwertige Ger\u00e4te zu einem g\u00fcnstigen Preis anzubieten. Prandoni S.p.A. wurde schlie\u00dflich von der franz\u00f6sischen Firma Thomson \u00fcbernommen.<\/p>\n<\/td>\n<\/tbody>\n<\/table>\n<div id=\"metaslider-id-267\" style=\"max-width: 600px; margin: 0 auto;\" class=\"ml-slider-3-106-0 metaslider metaslider-flex metaslider-267 ml-slider has-dots-nav ms-theme-default\" role=\"region\" aria-label=\"prandoni273\" data-height=\"400\" data-width=\"600\">\n    <div id=\"metaslider_container_267\">\n        <div id=\"metaslider_267\">\n            <ul class='slides'>\n                <li style=\"display: block; width: 100%;\" class=\"slide-261 ms-image \" aria-roledescription=\"slide\" data-date=\"2015-07-12 20:18:05\" data-filename=\"Prandoni_1.jpg\" data-slide-type=\"image\"><img loading=\"lazy\" decoding=\"async\" width=\"844\" height=\"563\" src=\"https:\/\/monotransistor.de\/wp-content\/uploads\/2015\/07\/Prandoni_1.jpg\" class=\"slider-267 slide-261 msDefaultImage\" alt=\"\" rel=\"\" title=\"\" style=\"margin: 0 auto; width: 99.940793368857%\" srcset=\"https:\/\/monotransistor.de\/wp-content\/uploads\/2015\/07\/Prandoni_1.jpg 844w, https:\/\/monotransistor.de\/wp-content\/uploads\/2015\/07\/Prandoni_1-300x200.jpg 300w\" sizes=\"auto, (max-width: 844px) 100vw, 844px\" \/><\/li>\n                <li style=\"display: none; width: 100%;\" class=\"slide-262 ms-image \" aria-roledescription=\"slide\" data-date=\"2015-07-12 20:18:06\" data-filename=\"Prandoni_2.jpg\" data-slide-type=\"image\"><img loading=\"lazy\" decoding=\"async\" width=\"931\" height=\"620\" src=\"https:\/\/monotransistor.de\/wp-content\/uploads\/2015\/07\/Prandoni_2.jpg\" class=\"slider-267 slide-262 msDefaultImage\" alt=\"\" rel=\"\" title=\"\" style=\"margin-top: 0.035803795202289%\" srcset=\"https:\/\/monotransistor.de\/wp-content\/uploads\/2015\/07\/Prandoni_2.jpg 931w, https:\/\/monotransistor.de\/wp-content\/uploads\/2015\/07\/Prandoni_2-300x200.jpg 300w\" sizes=\"auto, (max-width: 931px) 100vw, 931px\" \/><\/li>\n                <li style=\"display: none; width: 100%;\" class=\"slide-263 ms-image \" aria-roledescription=\"slide\" data-date=\"2015-07-12 20:18:06\" data-filename=\"Prandoni_3.jpg\" data-slide-type=\"image\"><img loading=\"lazy\" decoding=\"async\" width=\"931\" height=\"621\" src=\"https:\/\/monotransistor.de\/wp-content\/uploads\/2015\/07\/Prandoni_3.jpg\" class=\"slider-267 slide-263 msDefaultImage\" alt=\"\" rel=\"\" title=\"\" style=\"margin: 0 auto; width: 99.946323134729%\" srcset=\"https:\/\/monotransistor.de\/wp-content\/uploads\/2015\/07\/Prandoni_3.jpg 931w, https:\/\/monotransistor.de\/wp-content\/uploads\/2015\/07\/Prandoni_3-300x200.jpg 300w\" sizes=\"auto, (max-width: 931px) 100vw, 931px\" \/><\/li>\n                <li style=\"display: none; width: 100%;\" class=\"slide-264 ms-image \" aria-roledescription=\"slide\" data-date=\"2015-07-12 20:18:07\" data-filename=\"Prandoni_4.jpg\" data-slide-type=\"image\"><img loading=\"lazy\" decoding=\"async\" width=\"931\" height=\"621\" src=\"https:\/\/monotransistor.de\/wp-content\/uploads\/2015\/07\/Prandoni_4.jpg\" class=\"slider-267 slide-264 msDefaultImage\" alt=\"\" rel=\"\" title=\"\" style=\"margin: 0 auto; width: 99.946323134729%\" srcset=\"https:\/\/monotransistor.de\/wp-content\/uploads\/2015\/07\/Prandoni_4.jpg 931w, https:\/\/monotransistor.de\/wp-content\/uploads\/2015\/07\/Prandoni_4-300x200.jpg 300w\" sizes=\"auto, (max-width: 931px) 100vw, 931px\" \/><\/li>\n                <li style=\"display: none; width: 100%;\" class=\"slide-265 ms-image \" aria-roledescription=\"slide\" data-date=\"2015-07-12 20:18:08\" data-filename=\"Prandoni_5.jpg\" data-slide-type=\"image\"><img loading=\"lazy\" decoding=\"async\" width=\"931\" height=\"621\" src=\"https:\/\/monotransistor.de\/wp-content\/uploads\/2015\/07\/Prandoni_5.jpg\" class=\"slider-267 slide-265 msDefaultImage\" alt=\"\" rel=\"\" title=\"\" style=\"margin: 0 auto; width: 99.946323134729%\" srcset=\"https:\/\/monotransistor.de\/wp-content\/uploads\/2015\/07\/Prandoni_5.jpg 931w, https:\/\/monotransistor.de\/wp-content\/uploads\/2015\/07\/Prandoni_5-300x200.jpg 300w\" sizes=\"auto, (max-width: 931px) 100vw, 931px\" \/><\/li>\n                <li style=\"display: none; width: 100%;\" class=\"slide-266 ms-image \" aria-roledescription=\"slide\" data-date=\"2015-07-12 20:18:08\" data-filename=\"Prandoni_6.jpg\" data-slide-type=\"image\"><img loading=\"lazy\" decoding=\"async\" width=\"621\" height=\"931\" src=\"https:\/\/monotransistor.de\/wp-content\/uploads\/2015\/07\/Prandoni_6.jpg\" class=\"slider-267 slide-266 msDefaultImage\" alt=\"\" rel=\"\" title=\"\" style=\"margin: 0 auto; width: 44.468313641246%\" srcset=\"https:\/\/monotransistor.de\/wp-content\/uploads\/2015\/07\/Prandoni_6.jpg 621w, https:\/\/monotransistor.de\/wp-content\/uploads\/2015\/07\/Prandoni_6-200x300.jpg 200w\" sizes=\"auto, (max-width: 621px) 100vw, 621px\" \/><\/li>\n            <\/ul>\n        <\/div>\n        \n    <\/div>\n<\/div>\n<p>&nbsp;<\/p>\n<table style=\"margin: 0px auto;\" width=\"612\">\n<tbody>\n<tr>\n<td style=\"border: none; width: 45%\">\n<p style=\"text-align: left;\"><span style=\"text-decoration: underline;\">Urspr\u00fcngliche technische Daten<\/span><\/p>\n<p style=\"text-align: left;\">Gewicht: 7 kg<br \/>\nNetzspannung: 220 V, Wechselstrom<br \/>\nBildschirm: 36-cm-S\/W-R\u00f6hre<br \/>\nLautsprecher: 2<br \/>\nMaterial: Holz<\/p>\n<\/td>\n<td style=\"border: none; width:25px\"><\/td>\n<td style=\"border: none;\">\n<p style=\"text-align: left;\"><span style=\"text-decoration: underline;\">Technische Daten nach Umbau<\/span><\/p>\n<p>Gewicht: ca. 4 kg<br \/>\nNetzspannung: 220 &#8211; 240 V, Wechselstrom<br \/>\nAufnahme bei 220 V: < 25 W<br \/>\nBildschirm: 13,3 Zoll LCD<br \/>\nSeitenverh\u00e4ltnis: 16:9<br \/>\nAufl\u00f6sung: HD ready (1280&#215;800)<br \/>\nHelligkeit: 400 (cd\/m\u00b2)<br \/>\nKontrast: 500:1<br \/>\nTuner: Analog, DVB-T<br \/>\nSCART<br \/>\nS-Video<br \/>\nComposite AV<br \/>\nHDMI<br \/>\nVGA<br \/>\nAudio-In\/Out (Klinke 3,5)<br \/>\nLautsprecher: 2<br \/>\nBesonderheiten: USB, SD-Card Reader,<br \/>\nRecord Digital TV to USB, Fernbedienung,<br \/>\nelektronische Programmzeitschrift (EPG),<br \/>\n12V DC Zigarettenanz\u00fcnder-Kabel<\/p>\n<\/tr>\n<\/tbody>\n<\/table>\n<p>&nbsp;<\/p>\n","protected":false},"excerpt":{"rendered":"<p>Der Prandoni Nuclear Mod. 273 stammt wahrscheinlich aus dem Jahr 1970. Die italienische Firma Prandoni S.p.A. war ein Radio- und Fernseherhersteller, der bekannt daf\u00fcr war, zuverl\u00e4ssige und qualitativ hochwertige Ger\u00e4te zu einem g\u00fcnstigen Preis anzubieten. Prandoni S.p.A. wurde schlie\u00dflich von der franz\u00f6sischen Firma Thomson \u00fcbernommen. &nbsp; Urspr\u00fcngliche technische Daten Gewicht: 7 kg Netzspannung: 220 V, [&hellip;]<\/p>\n","protected":false},"author":1,"featured_media":0,"parent":0,"menu_order":0,"comment_status":"closed","ping_status":"closed","template":"","meta":{"footnotes":""},"class_list":["post-242","page","type-page","status-publish","hentry"],"_links":{"self":[{"href":"https:\/\/monotransistor.de\/index.php?rest_route=\/wp\/v2\/pages\/242","targetHints":{"allow":["GET"]}}],"collection":[{"href":"https:\/\/monotransistor.de\/index.php?rest_route=\/wp\/v2\/pages"}],"about":[{"href":"https:\/\/monotransistor.de\/index.php?rest_route=\/wp\/v2\/types\/page"}],"author":[{"embeddable":true,"href":"https:\/\/monotransistor.de\/index.php?rest_route=\/wp\/v2\/users\/1"}],"replies":[{"embeddable":true,"href":"https:\/\/monotransistor.de\/index.php?rest_route=%2Fwp%2Fv2%2Fcomments&post=242"}],"version-history":[{"count":31,"href":"https:\/\/monotransistor.de\/index.php?rest_route=\/wp\/v2\/pages\/242\/revisions"}],"predecessor-version":[{"id":293,"href":"https:\/\/monotransistor.de\/index.php?rest_route=\/wp\/v2\/pages\/242\/revisions\/293"}],"wp:attachment":[{"href":"https:\/\/monotransistor.de\/index.php?rest_route=%2Fwp%2Fv2%2Fmedia&parent=242"}],"curies":[{"name":"wp","href":"https:\/\/api.w.org\/{rel}","templated":true}]}}