{"id":30,"date":"2015-04-19T19:26:40","date_gmt":"2015-04-19T19:26:40","guid":{"rendered":"http:\/\/monotransistor.de\/?page_id=30"},"modified":"2024-09-29T19:22:05","modified_gmt":"2024-09-29T19:22:05","slug":"30-2","status":"publish","type":"page","link":"https:\/\/monotransistor.de\/?page_id=30","title":{"rendered":""},"content":{"rendered":"<table style=\"margin: 0px auto;\" width=\"612\">\n<tbody>\n<tr>\n<td style=\"border: none;\">\n<h2>About<\/h2>\n<p style=\"text-align: justify;\">Monotransistor ist eine kleine Manufaktur f\u00fcr individuelle Fernseher. Unser Ziel: den Charme und Charakter der alten R\u00f6hrenger\u00e4te mit neuester Technik verbinden.<\/p>\n<h2 id=\"interesse\">Ich m\u00f6chte einen Monotransistor<\/h2>\n<p>Unsere Fernseher stehen leider nicht zum Verkauf. Wir bieten allerdings einen Verleihservice an. Vielleicht hast du ja schon einmal einen Fernseher von uns gesehen, z. B. auf einem Messstand, in einer Museumsausstellung, in einen Pop-Up-Store usw.. Schicke uns gerne eine Buchungsanfrage \u00fcber die Webseite des jeweiligen Fernsehers.<\/p>\n<p>Folgende Fernseher sind <strong>aktuell<\/strong> zum Leihen verf\u00fcgbar:<\/p>\n<p><a href=\"https:\/\/monotransistor.de\/?page_id=386\">Braun FS 80<\/a><\/p>\n<p><strong>Demn\u00e4chst<\/strong> zum Leihen verf\u00fcgbar:<\/p>\n<p><a href=\"https:\/\/monotransistor.de\/?page_id=158\">Braun FS 3<\/a><\/p>\n<p><a href=\"https:\/\/monotransistor.de\/?page_id=92\">ITT 1702<\/a><\/p>\n<p><center><br \/>\nMonotransistor \u2013 retro TV Manufaktur<\/center>Toni Gemmer<br \/>\nSchlo\u00dfbergstr. 36<br \/>\n70569 Stuttgart<br \/>\nDeutschland<br \/>\nTel.: +49 (0)151 \u2013 229 86 309<\/p>\n<p>E-Mail: <a href=\"mailto:info@monotransistor.de\">info@monotransistor.de<\/a><\/td>\n<\/tr>\n<\/tbody>\n<\/table>\n","protected":false},"excerpt":{"rendered":"<p>About Monotransistor ist eine kleine Manufaktur f\u00fcr individuelle Fernseher. Unser Ziel: den Charme und Charakter der alten R\u00f6hrenger\u00e4te mit neuester Technik verbinden. Ich m\u00f6chte einen Monotransistor Unsere Fernseher stehen leider nicht zum Verkauf. Wir bieten allerdings einen Verleihservice an. Vielleicht hast du ja schon einmal einen Fernseher von uns gesehen, z. B. auf einem Messstand, [&hellip;]<\/p>\n","protected":false},"author":1,"featured_media":0,"parent":0,"menu_order":0,"comment_status":"closed","ping_status":"closed","template":"","meta":{"footnotes":""},"class_list":["post-30","page","type-page","status-publish","hentry"],"_links":{"self":[{"href":"https:\/\/monotransistor.de\/index.php?rest_route=\/wp\/v2\/pages\/30","targetHints":{"allow":["GET"]}}],"collection":[{"href":"https:\/\/monotransistor.de\/index.php?rest_route=\/wp\/v2\/pages"}],"about":[{"href":"https:\/\/monotransistor.de\/index.php?rest_route=\/wp\/v2\/types\/page"}],"author":[{"embeddable":true,"href":"https:\/\/monotransistor.de\/index.php?rest_route=\/wp\/v2\/users\/1"}],"replies":[{"embeddable":true,"href":"https:\/\/monotransistor.de\/index.php?rest_route=%2Fwp%2Fv2%2Fcomments&post=30"}],"version-history":[{"count":19,"href":"https:\/\/monotransistor.de\/index.php?rest_route=\/wp\/v2\/pages\/30\/revisions"}],"predecessor-version":[{"id":500,"href":"https:\/\/monotransistor.de\/index.php?rest_route=\/wp\/v2\/pages\/30\/revisions\/500"}],"wp:attachment":[{"href":"https:\/\/monotransistor.de\/index.php?rest_route=%2Fwp%2Fv2%2Fmedia&parent=30"}],"curies":[{"name":"wp","href":"https:\/\/api.w.org\/{rel}","templated":true}]}}