{"id":425,"date":"2017-07-25T11:16:02","date_gmt":"2017-07-25T11:16:02","guid":{"rendered":"http:\/\/monotransistor.de\/?page_id=425"},"modified":"2017-07-25T11:16:02","modified_gmt":"2017-07-25T11:16:02","slug":"grundig-1715-2","status":"publish","type":"page","link":"https:\/\/monotransistor.de\/?page_id=425","title":{"rendered":"Grundig 1715"},"content":{"rendered":"<p><meta name=\"viewport\" content=\"width=960\" \/><\/p>\n<table style=\"margin: 0px auto;\" width=\"612\">\n<tbody>\n<tr>\n<td style=\"border: none;\">\n<p style=\"text-align:justify;\">Der Grundig Triumph 1715 wurde in den Jahren 1973 bis 1975 gebaut und bildete damals zusammen mit den Typen Triumph 1215 und Triumph 1415 eine Serie tragbarer Fernseher. Mit einer Bilddiagonale von 44 cm war er seinerzeit das gr\u00f6\u00dfte Modell.<\/p>\n<\/td>\n<\/tbody>\n<\/table>\n<div id=\"metaslider-id-433\" style=\"max-width: 600px; margin: 0 auto;\" class=\"ml-slider-3-106-0 metaslider metaslider-flex metaslider-433 ml-slider has-dots-nav ms-theme-default\" role=\"region\" aria-label=\"grundig1715gelb\" data-height=\"400\" data-width=\"600\">\n    <div id=\"metaslider_container_433\">\n        <div id=\"metaslider_433\">\n            <ul class='slides'>\n                <li style=\"display: block; width: 100%;\" class=\"slide-468 ms-image \" aria-roledescription=\"slide\" data-date=\"2019-02-13 14:49:51\" data-filename=\"Grundig_1715b_1.jpg\" data-slide-type=\"image\"><img loading=\"lazy\" decoding=\"async\" width=\"900\" height=\"600\" src=\"https:\/\/monotransistor.de\/wp-content\/uploads\/2019\/02\/Grundig_1715b_1.jpg\" class=\"slider-433 slide-468 msDefaultImage\" alt=\"\" rel=\"\" title=\"\" style=\"margin: 0 auto; width: 100%\" srcset=\"https:\/\/monotransistor.de\/wp-content\/uploads\/2019\/02\/Grundig_1715b_1.jpg 900w, https:\/\/monotransistor.de\/wp-content\/uploads\/2019\/02\/Grundig_1715b_1-300x200.jpg 300w, https:\/\/monotransistor.de\/wp-content\/uploads\/2019\/02\/Grundig_1715b_1-768x512.jpg 768w\" sizes=\"auto, (max-width: 900px) 100vw, 900px\" \/><\/li>\n                <li style=\"display: none; width: 100%;\" class=\"slide-469 ms-image \" aria-roledescription=\"slide\" data-date=\"2019-02-13 14:49:52\" data-filename=\"Grundig_1715b_2.jpg\" data-slide-type=\"image\"><img loading=\"lazy\" decoding=\"async\" width=\"900\" height=\"600\" src=\"https:\/\/monotransistor.de\/wp-content\/uploads\/2019\/02\/Grundig_1715b_2.jpg\" class=\"slider-433 slide-469 msDefaultImage\" alt=\"\" rel=\"\" title=\"\" style=\"margin: 0 auto; width: 100%\" srcset=\"https:\/\/monotransistor.de\/wp-content\/uploads\/2019\/02\/Grundig_1715b_2.jpg 900w, https:\/\/monotransistor.de\/wp-content\/uploads\/2019\/02\/Grundig_1715b_2-300x200.jpg 300w, https:\/\/monotransistor.de\/wp-content\/uploads\/2019\/02\/Grundig_1715b_2-768x512.jpg 768w\" sizes=\"auto, (max-width: 900px) 100vw, 900px\" \/><\/li>\n                <li style=\"display: none; width: 100%;\" class=\"slide-470 ms-image \" aria-roledescription=\"slide\" data-date=\"2019-02-13 14:49:54\" data-filename=\"Grundig_1715b_3.jpg\" data-slide-type=\"image\"><img loading=\"lazy\" decoding=\"async\" width=\"900\" height=\"600\" src=\"https:\/\/monotransistor.de\/wp-content\/uploads\/2019\/02\/Grundig_1715b_3.jpg\" class=\"slider-433 slide-470 msDefaultImage\" alt=\"\" rel=\"\" title=\"\" style=\"margin: 0 auto; width: 100%\" srcset=\"https:\/\/monotransistor.de\/wp-content\/uploads\/2019\/02\/Grundig_1715b_3.jpg 900w, https:\/\/monotransistor.de\/wp-content\/uploads\/2019\/02\/Grundig_1715b_3-300x200.jpg 300w, https:\/\/monotransistor.de\/wp-content\/uploads\/2019\/02\/Grundig_1715b_3-768x512.jpg 768w\" sizes=\"auto, (max-width: 900px) 100vw, 900px\" \/><\/li>\n                <li style=\"display: none; width: 100%;\" class=\"slide-471 ms-image \" aria-roledescription=\"slide\" data-date=\"2019-02-13 14:49:55\" data-filename=\"Grundig_1715b_4.jpg\" data-slide-type=\"image\"><img loading=\"lazy\" decoding=\"async\" width=\"900\" height=\"600\" src=\"https:\/\/monotransistor.de\/wp-content\/uploads\/2019\/02\/Grundig_1715b_4.jpg\" class=\"slider-433 slide-471 msDefaultImage\" alt=\"\" rel=\"\" title=\"\" style=\"margin: 0 auto; width: 100%\" srcset=\"https:\/\/monotransistor.de\/wp-content\/uploads\/2019\/02\/Grundig_1715b_4.jpg 900w, https:\/\/monotransistor.de\/wp-content\/uploads\/2019\/02\/Grundig_1715b_4-300x200.jpg 300w, https:\/\/monotransistor.de\/wp-content\/uploads\/2019\/02\/Grundig_1715b_4-768x512.jpg 768w\" sizes=\"auto, (max-width: 900px) 100vw, 900px\" \/><\/li>\n                <li style=\"display: none; width: 100%;\" class=\"slide-472 ms-image \" aria-roledescription=\"slide\" data-date=\"2019-02-13 14:49:56\" data-filename=\"Grundig_1715b_5.jpg\" data-slide-type=\"image\"><img loading=\"lazy\" decoding=\"async\" width=\"900\" height=\"600\" src=\"https:\/\/monotransistor.de\/wp-content\/uploads\/2019\/02\/Grundig_1715b_5.jpg\" class=\"slider-433 slide-472 msDefaultImage\" alt=\"\" rel=\"\" title=\"\" style=\"margin: 0 auto; width: 100%\" srcset=\"https:\/\/monotransistor.de\/wp-content\/uploads\/2019\/02\/Grundig_1715b_5.jpg 900w, https:\/\/monotransistor.de\/wp-content\/uploads\/2019\/02\/Grundig_1715b_5-300x200.jpg 300w, https:\/\/monotransistor.de\/wp-content\/uploads\/2019\/02\/Grundig_1715b_5-768x512.jpg 768w\" sizes=\"auto, (max-width: 900px) 100vw, 900px\" \/><\/li>\n            <\/ul>\n        <\/div>\n        \n    <\/div>\n<\/div>\n<p>&nbsp;<\/p>\n<table style=\"border: none;\" width=\"612\">\n<tbody>\n<tr>\n<td style=\"border: none;\">\n<p style=\"text-align: left;\"><span style=\"text-decoration: underline;\">Urspr\u00fcngliche technische Daten<\/span><\/p>\n<p>Gewicht: 14 kg<br \/>\nBatteriespannung: 12 V<br \/>\nNetzspannung: 220 V, Wechselstrom<br \/>\nAufnahme bei 220 V: 35 W<br \/>\nAufnahme bei Batteriebetrieb: 20 W<br \/>\nSicherungen: 400 mAT, 2,5 AT<br \/>\nBildr\u00f6hre: A 44 &#8211; 280 W<br \/>\nTransistoren: 17<br \/>\nThyristoren: 1<br \/>\nDioden und Gleichrichter: 33<br \/>\nIntegrierte Schaltkreise: 9<br \/>\nAntennen-Eingang: 75 \u03a9 (VHF + UHF)<br \/>\n(nach DIN 45325)<br \/>\nEmpfangsbereiche: Kan\u00e4le 2 &#8230; 12 (VHF)<br \/>\nKan\u00e4le 21 &#8230; 60\/68 (UHF)<br \/>\nBild-ZF: 38,9 MHz<br \/>\nTon-ZF: 1 W<br \/>\nLautsprecher: 1, (15 \u03a9 \/ 0,7 Tesla)<br \/>\nBesonderheiten: Eingebaute Teleskop-Antenne,<br \/>\nAnschluss f\u00fcr Kleinh\u00f6rer und Kopfh\u00f6rer<br \/>\nnach DIN 45318<\/td>\n<td style=\"border: none;\">\n<p style=\"text-align: left;\"><span style=\"text-decoration: underline;\">Technische Daten nach Umbau<\/span><\/p>\n<p>Gewicht: ca. 8 kg<br \/>\nNetzspannung: 100 &#8211; 240 V, Wechselstrom<br \/>\nAufnahme bei 220 V: &lt; 60 W<br \/>\nBildschirm: 17 Zoll LCD<br \/>\nSeitenverh\u00e4ltnis: 4:3<br \/>\nAufl\u00f6sung: max. 1280&#215;1024<br \/>\nTuner: Analog<br \/>\nHDMI<br \/>\nComposite AV<br \/>\nVGA<br \/>\nLautsprecher: 2 x 2 W<br \/>\nBesonderheiten: USB, SD-Karten-Reader, Slot-In-DVD, Fernbedienung<\/td>\n<\/tr>\n<\/tbody>\n<\/table>\n","protected":false},"excerpt":{"rendered":"<p>Der Grundig Triumph 1715 wurde in den Jahren 1973 bis 1975 gebaut und bildete damals zusammen mit den Typen Triumph 1215 und Triumph 1415 eine Serie tragbarer Fernseher. Mit einer Bilddiagonale von 44 cm war er seinerzeit das gr\u00f6\u00dfte Modell. &nbsp; Urspr\u00fcngliche technische Daten Gewicht: 14 kg Batteriespannung: 12 V Netzspannung: 220 V, Wechselstrom Aufnahme [&hellip;]<\/p>\n","protected":false},"author":1,"featured_media":0,"parent":0,"menu_order":0,"comment_status":"closed","ping_status":"closed","template":"","meta":{"footnotes":""},"class_list":["post-425","page","type-page","status-publish","hentry"],"_links":{"self":[{"href":"https:\/\/monotransistor.de\/index.php?rest_route=\/wp\/v2\/pages\/425","targetHints":{"allow":["GET"]}}],"collection":[{"href":"https:\/\/monotransistor.de\/index.php?rest_route=\/wp\/v2\/pages"}],"about":[{"href":"https:\/\/monotransistor.de\/index.php?rest_route=\/wp\/v2\/types\/page"}],"author":[{"embeddable":true,"href":"https:\/\/monotransistor.de\/index.php?rest_route=\/wp\/v2\/users\/1"}],"replies":[{"embeddable":true,"href":"https:\/\/monotransistor.de\/index.php?rest_route=%2Fwp%2Fv2%2Fcomments&post=425"}],"version-history":[{"count":7,"href":"https:\/\/monotransistor.de\/index.php?rest_route=\/wp\/v2\/pages\/425\/revisions"}],"predecessor-version":[{"id":438,"href":"https:\/\/monotransistor.de\/index.php?rest_route=\/wp\/v2\/pages\/425\/revisions\/438"}],"wp:attachment":[{"href":"https:\/\/monotransistor.de\/index.php?rest_route=%2Fwp%2Fv2%2Fmedia&parent=425"}],"curies":[{"name":"wp","href":"https:\/\/api.w.org\/{rel}","templated":true}]}}