{"id":452,"date":"2018-04-14T14:52:54","date_gmt":"2018-04-14T14:52:54","guid":{"rendered":"http:\/\/monotransistor.de\/?page_id=452"},"modified":"2018-04-14T14:52:54","modified_gmt":"2018-04-14T14:52:54","slug":"graetz-lady-1312","status":"publish","type":"page","link":"https:\/\/monotransistor.de\/?page_id=452","title":{"rendered":"Graetz Lady 1312"},"content":{"rendered":"<p><meta name=\"viewport\" content=\"width=960\" \/><\/p>\n<table style=\"margin: 0px auto;\" width=\"612\">\n<tbody>\n<tr>\n<td style=\"border: none;\">\n<p style=\"text-align:justify;\">Der tragbare Graetz Lady electronic 1312 wurde im Zeitraum 1970 bis 1972 produziert und war in den Farben &#8222;Nu\u00dfbaum&#8220;, &#8222;altwei\u00df&#8220;, &#8222;orange&#8220; und &#8222;gelb&#8220; erh\u00e4ltlich.<\/p>\n<\/td>\n<\/tbody>\n<\/table>\n<div id=\"metaslider-id-461\" style=\"max-width: 600px; margin: 0 auto;\" class=\"ml-slider-3-106-0 metaslider metaslider-flex metaslider-461 ml-slider has-dots-nav ms-theme-default\" role=\"region\" aria-label=\"graetzladynut\" data-height=\"400\" data-width=\"600\">\n    <div id=\"metaslider_container_461\">\n        <div id=\"metaslider_461\">\n            <ul class='slides'>\n                <li style=\"display: block; width: 100%;\" class=\"slide-455 ms-image \" aria-roledescription=\"slide\" data-date=\"2018-04-14 14:44:01\" data-filename=\"Graetz_nut_1.jpg\" data-slide-type=\"image\"><img loading=\"lazy\" decoding=\"async\" width=\"900\" height=\"600\" src=\"https:\/\/monotransistor.de\/wp-content\/uploads\/2018\/04\/Graetz_nut_1.jpg\" class=\"slider-461 slide-455 msDefaultImage\" alt=\"\" rel=\"\" title=\"\" style=\"margin: 0 auto; width: 100%\" srcset=\"https:\/\/monotransistor.de\/wp-content\/uploads\/2018\/04\/Graetz_nut_1.jpg 900w, https:\/\/monotransistor.de\/wp-content\/uploads\/2018\/04\/Graetz_nut_1-300x200.jpg 300w, https:\/\/monotransistor.de\/wp-content\/uploads\/2018\/04\/Graetz_nut_1-768x512.jpg 768w\" sizes=\"auto, (max-width: 900px) 100vw, 900px\" \/><\/li>\n                <li style=\"display: none; width: 100%;\" class=\"slide-457 ms-image \" aria-roledescription=\"slide\" data-date=\"2018-04-14 14:44:04\" data-filename=\"Graetz_nut_3.jpg\" data-slide-type=\"image\"><img loading=\"lazy\" decoding=\"async\" width=\"900\" height=\"600\" src=\"https:\/\/monotransistor.de\/wp-content\/uploads\/2018\/04\/Graetz_nut_3.jpg\" class=\"slider-461 slide-457 msDefaultImage\" alt=\"\" rel=\"\" title=\"\" style=\"margin: 0 auto; width: 100%\" srcset=\"https:\/\/monotransistor.de\/wp-content\/uploads\/2018\/04\/Graetz_nut_3.jpg 900w, https:\/\/monotransistor.de\/wp-content\/uploads\/2018\/04\/Graetz_nut_3-300x200.jpg 300w, https:\/\/monotransistor.de\/wp-content\/uploads\/2018\/04\/Graetz_nut_3-768x512.jpg 768w\" sizes=\"auto, (max-width: 900px) 100vw, 900px\" \/><\/li>\n                <li style=\"display: none; width: 100%;\" class=\"slide-458 ms-image \" aria-roledescription=\"slide\" data-date=\"2018-04-14 14:44:05\" data-filename=\"Graetz_nut_4.jpg\" data-slide-type=\"image\"><img loading=\"lazy\" decoding=\"async\" width=\"900\" height=\"600\" src=\"https:\/\/monotransistor.de\/wp-content\/uploads\/2018\/04\/Graetz_nut_4.jpg\" class=\"slider-461 slide-458 msDefaultImage\" alt=\"\" rel=\"\" title=\"\" style=\"margin: 0 auto; width: 100%\" srcset=\"https:\/\/monotransistor.de\/wp-content\/uploads\/2018\/04\/Graetz_nut_4.jpg 900w, https:\/\/monotransistor.de\/wp-content\/uploads\/2018\/04\/Graetz_nut_4-300x200.jpg 300w, https:\/\/monotransistor.de\/wp-content\/uploads\/2018\/04\/Graetz_nut_4-768x512.jpg 768w\" sizes=\"auto, (max-width: 900px) 100vw, 900px\" \/><\/li>\n                <li style=\"display: none; width: 100%;\" class=\"slide-456 ms-image \" aria-roledescription=\"slide\" data-date=\"2018-04-14 14:44:02\" data-filename=\"Graetz_nut_2.jpg\" data-slide-type=\"image\"><img loading=\"lazy\" decoding=\"async\" width=\"900\" height=\"600\" src=\"https:\/\/monotransistor.de\/wp-content\/uploads\/2018\/04\/Graetz_nut_2.jpg\" class=\"slider-461 slide-456 msDefaultImage\" alt=\"\" rel=\"\" title=\"\" style=\"margin: 0 auto; width: 100%\" srcset=\"https:\/\/monotransistor.de\/wp-content\/uploads\/2018\/04\/Graetz_nut_2.jpg 900w, https:\/\/monotransistor.de\/wp-content\/uploads\/2018\/04\/Graetz_nut_2-300x200.jpg 300w, https:\/\/monotransistor.de\/wp-content\/uploads\/2018\/04\/Graetz_nut_2-768x512.jpg 768w\" sizes=\"auto, (max-width: 900px) 100vw, 900px\" \/><\/li>\n            <\/ul>\n        <\/div>\n        \n    <\/div>\n<\/div>\n<p>&nbsp;<\/p>\n<table style=\"border: none;\" width=\"612\">\n<tbody>\n<tr>\n<td style=\"border: none;\" width=\"280\">\n<p style=\"text-align: left;\"><span style=\"text-decoration: underline;\">Urspr\u00fcngliche technische Daten<\/span><\/p>\n<p>Gewicht: 12 kg<br \/>\nNetzspannung: 220 V, Wechselstrom<br \/>\nBildr\u00f6hre: 36 cm<br \/>\nLautsprecher: 1 x 4,5 W<br \/>\nMaterial: Holz\n<\/td>\n<td style=\"border: none;\" width=\"315\">\n<p style=\"text-align: left;\"><span style=\"text-decoration: underline;\">Technische Daten nach Umbau<\/span><\/p>\n<p>Gewicht: ca. 5 kg<br \/>\nNetzspannung: 220 &#8211; 240 V, Wechselstrom<br \/>\nAufnahme bei 220 V: ca. 60 W<br \/>\nBildschirm: 13,3 Zoll LCD<br \/>\nSeitenverh\u00e4ltnis: 16:10<br \/>\nAufl\u00f6sung: max. 1280&#215;800<br \/>\nTuner: Analog<br \/>\nHDMI<br \/>\nComposite AV<br \/>\nSCART<br \/>\nVGA<br \/>\nAudio-Out (Klinke 3,5)<br \/>\nAudio-In (Klinke 3,5)<br \/>\nLautsprecher: 2x3W<br \/>\nBesonderheiten: Fernbedienung, Slot-In DVD<\/td>\n<\/tr>\n<\/tbody>\n<\/table>\n","protected":false},"excerpt":{"rendered":"<p>Der tragbare Graetz Lady electronic 1312 wurde im Zeitraum 1970 bis 1972 produziert und war in den Farben &#8222;Nu\u00dfbaum&#8220;, &#8222;altwei\u00df&#8220;, &#8222;orange&#8220; und &#8222;gelb&#8220; erh\u00e4ltlich. &nbsp; Urspr\u00fcngliche technische Daten Gewicht: 12 kg Netzspannung: 220 V, Wechselstrom Bildr\u00f6hre: 36 cm Lautsprecher: 1 x 4,5 W Material: Holz Technische Daten nach Umbau Gewicht: ca. 5 kg Netzspannung: 220 [&hellip;]<\/p>\n","protected":false},"author":1,"featured_media":0,"parent":0,"menu_order":0,"comment_status":"closed","ping_status":"closed","template":"","meta":{"footnotes":""},"class_list":["post-452","page","type-page","status-publish","hentry"],"_links":{"self":[{"href":"https:\/\/monotransistor.de\/index.php?rest_route=\/wp\/v2\/pages\/452","targetHints":{"allow":["GET"]}}],"collection":[{"href":"https:\/\/monotransistor.de\/index.php?rest_route=\/wp\/v2\/pages"}],"about":[{"href":"https:\/\/monotransistor.de\/index.php?rest_route=\/wp\/v2\/types\/page"}],"author":[{"embeddable":true,"href":"https:\/\/monotransistor.de\/index.php?rest_route=\/wp\/v2\/users\/1"}],"replies":[{"embeddable":true,"href":"https:\/\/monotransistor.de\/index.php?rest_route=%2Fwp%2Fv2%2Fcomments&post=452"}],"version-history":[{"count":4,"href":"https:\/\/monotransistor.de\/index.php?rest_route=\/wp\/v2\/pages\/452\/revisions"}],"predecessor-version":[{"id":463,"href":"https:\/\/monotransistor.de\/index.php?rest_route=\/wp\/v2\/pages\/452\/revisions\/463"}],"wp:attachment":[{"href":"https:\/\/monotransistor.de\/index.php?rest_route=%2Fwp%2Fv2%2Fmedia&parent=452"}],"curies":[{"name":"wp","href":"https:\/\/api.w.org\/{rel}","templated":true}]}}