{"id":82,"date":"2015-04-19T19:52:44","date_gmt":"2015-04-19T19:52:44","guid":{"rendered":"http:\/\/monotransistor.de\/?page_id=82"},"modified":"2015-04-20T19:24:19","modified_gmt":"2015-04-20T19:24:19","slug":"grundig-1716","status":"publish","type":"page","link":"https:\/\/monotransistor.de\/?page_id=82","title":{"rendered":"Grundig 1716"},"content":{"rendered":"<p><meta name=\"viewport\" content=\"width=960\" \/><\/p>\n<table style=\"margin: 0px auto;\" width=\"612\">\n<tbody>\n<tr>\n<td style=\"border: none;\">\n<p style=\"text-align:justify;\">Der Grundig Triumph 1716 ist eine Variation des 1715 und unterscheidet sich von diesem in einigen marginalen \u00e4u\u00dferlichen Details. Er wurde ebenfalls in den Jahren 1973 bis 1975 gebaut und war Teil der Serie tragbarer Fernseher.<\/p>\n<\/td>\n<\/tbody>\n<\/table>\n<div id=\"metaslider-id-150\" style=\"max-width: 600px; margin: 0 auto;\" class=\"ml-slider-3-106-0 metaslider metaslider-flex metaslider-150 ml-slider has-dots-nav ms-theme-default\" role=\"region\" aria-label=\"grundig1716\" data-height=\"400\" data-width=\"600\">\n    <div id=\"metaslider_container_150\">\n        <div id=\"metaslider_150\">\n            <ul class='slides'>\n                <li style=\"display: block; width: 100%;\" class=\"slide-41 ms-image \" aria-roledescription=\"slide\" data-date=\"2015-04-19 19:35:19\" data-filename=\"grundig_1716_1.jpg\" data-slide-type=\"image\"><img loading=\"lazy\" decoding=\"async\" width=\"910\" height=\"607\" src=\"https:\/\/monotransistor.de\/wp-content\/uploads\/2015\/04\/grundig_1716_1.jpg\" class=\"slider-150 slide-41 msDefaultImage\" alt=\"\" rel=\"\" title=\"\" style=\"margin: 0 auto; width: 99.945085118067%\" srcset=\"https:\/\/monotransistor.de\/wp-content\/uploads\/2015\/04\/grundig_1716_1.jpg 910w, https:\/\/monotransistor.de\/wp-content\/uploads\/2015\/04\/grundig_1716_1-300x200.jpg 300w\" sizes=\"auto, (max-width: 910px) 100vw, 910px\" \/><\/li>\n                <li style=\"display: none; width: 100%;\" class=\"slide-42 ms-image \" aria-roledescription=\"slide\" data-date=\"2015-04-19 19:35:38\" data-filename=\"grundig_1716_2.jpg\" data-slide-type=\"image\"><img loading=\"lazy\" decoding=\"async\" width=\"929\" height=\"620\" src=\"https:\/\/monotransistor.de\/wp-content\/uploads\/2015\/04\/grundig_1716_2.jpg\" class=\"slider-150 slide-42 msDefaultImage\" alt=\"\" rel=\"\" title=\"\" style=\"margin: 0 auto; width: 99.89247311828%\" srcset=\"https:\/\/monotransistor.de\/wp-content\/uploads\/2015\/04\/grundig_1716_2.jpg 929w, https:\/\/monotransistor.de\/wp-content\/uploads\/2015\/04\/grundig_1716_2-300x200.jpg 300w\" sizes=\"auto, (max-width: 929px) 100vw, 929px\" \/><\/li>\n                <li style=\"display: none; width: 100%;\" class=\"slide-43 ms-image \" aria-roledescription=\"slide\" data-date=\"2015-04-19 19:35:57\" data-filename=\"grundig_1716_3.jpg\" data-slide-type=\"image\"><img loading=\"lazy\" decoding=\"async\" width=\"689\" height=\"1033\" src=\"https:\/\/monotransistor.de\/wp-content\/uploads\/2015\/04\/grundig_1716_3.jpg\" class=\"slider-150 slide-43 msDefaultImage\" alt=\"\" rel=\"\" title=\"\" style=\"margin: 0 auto; width: 44.465956760245%\" srcset=\"https:\/\/monotransistor.de\/wp-content\/uploads\/2015\/04\/grundig_1716_3.jpg 689w, https:\/\/monotransistor.de\/wp-content\/uploads\/2015\/04\/grundig_1716_3-200x300.jpg 200w, https:\/\/monotransistor.de\/wp-content\/uploads\/2015\/04\/grundig_1716_3-683x1024.jpg 683w\" sizes=\"auto, (max-width: 689px) 100vw, 689px\" \/><\/li>\n                <li style=\"display: none; width: 100%;\" class=\"slide-44 ms-image \" aria-roledescription=\"slide\" data-date=\"2015-04-19 19:36:08\" data-filename=\"grundig_1716_4.jpg\" data-slide-type=\"image\"><img loading=\"lazy\" decoding=\"async\" width=\"612\" height=\"918\" src=\"https:\/\/monotransistor.de\/wp-content\/uploads\/2015\/04\/grundig_1716_4.jpg\" class=\"slider-150 slide-44 msDefaultImage\" alt=\"\" rel=\"\" title=\"\" style=\"margin: 0 auto; width: 44.444444444444%\" srcset=\"https:\/\/monotransistor.de\/wp-content\/uploads\/2015\/04\/grundig_1716_4.jpg 612w, https:\/\/monotransistor.de\/wp-content\/uploads\/2015\/04\/grundig_1716_4-200x300.jpg 200w\" sizes=\"auto, (max-width: 612px) 100vw, 612px\" \/><\/li>\n                <li style=\"display: none; width: 100%;\" class=\"slide-45 ms-image \" aria-roledescription=\"slide\" data-date=\"2015-04-19 19:36:33\" data-filename=\"grundig_1716_5.jpg\" data-slide-type=\"image\"><img loading=\"lazy\" decoding=\"async\" width=\"941\" height=\"627\" src=\"https:\/\/monotransistor.de\/wp-content\/uploads\/2015\/04\/grundig_1716_5.jpg\" class=\"slider-150 slide-45 msDefaultImage\" alt=\"\" rel=\"\" title=\"\" style=\"margin-top: 0.01771165426851%\" srcset=\"https:\/\/monotransistor.de\/wp-content\/uploads\/2015\/04\/grundig_1716_5.jpg 941w, https:\/\/monotransistor.de\/wp-content\/uploads\/2015\/04\/grundig_1716_5-300x200.jpg 300w\" sizes=\"auto, (max-width: 941px) 100vw, 941px\" \/><\/li>\n                <li style=\"display: none; width: 100%;\" class=\"slide-46 ms-image \" aria-roledescription=\"slide\" data-date=\"2015-04-19 19:37:56\" data-filename=\"grundig_1716_6.jpg\" data-slide-type=\"image\"><img loading=\"lazy\" decoding=\"async\" width=\"932\" height=\"621\" src=\"https:\/\/monotransistor.de\/wp-content\/uploads\/2015\/04\/grundig_1716_6.jpg\" class=\"slider-150 slide-46 msDefaultImage\" alt=\"\" rel=\"\" title=\"\" style=\"margin-top: 0.01788268955651%\" srcset=\"https:\/\/monotransistor.de\/wp-content\/uploads\/2015\/04\/grundig_1716_6.jpg 932w, https:\/\/monotransistor.de\/wp-content\/uploads\/2015\/04\/grundig_1716_6-300x200.jpg 300w\" sizes=\"auto, (max-width: 932px) 100vw, 932px\" \/><\/li>\n            <\/ul>\n        <\/div>\n        \n    <\/div>\n<\/div>\n<p>&nbsp;<\/p>\n<table style=\"border: none;\" width=\"612\">\n<tbody>\n<tr>\n<td style=\"border: none;\">\n<p style=\"text-align: left;\"><span style=\"text-decoration: underline;\">Urspr\u00fcngliche technische Daten<\/span><\/p>\n<p>Gewicht: 14 kg<br \/>\nBatteriespannung: 12 V<br \/>\nNetzspannung: 220 V, Wechselstrom<br \/>\nAufnahme bei 220 V: 35 W<br \/>\nAufnahme bei Batteriebetrieb: 20 W<br \/>\nSicherungen: 400 mAT, 2,5 AT<br \/>\nBildr\u00f6hre: A 44 &#8211; 280 W<br \/>\nTransistoren: 17<br \/>\nThyristoren: 1<br \/>\nDioden und Gleichrichter: 33<br \/>\nIntegrierte Schaltkreise: 9<br \/>\nAntennen-Eingang: 75 \u03a9 (VHF + UHF)<br \/>\n(nach DIN 45325)<br \/>\nEmpfangsbereiche: Kan\u00e4le 2 &#8230; 12 (VHF)<br \/>\nKan\u00e4le 21 &#8230; 60\/68 (UHF)<br \/>\nBild-ZF: 38,9 MHz<br \/>\nTon-ZF: 1 W<br \/>\nLautsprecher: 1, (15 \u03a9 \/ 0,7 Tesla)<br \/>\nBesonderheiten: Eingebaute Teleskop-Antenne,<br \/>\nAnschluss f\u00fcr Kleinh\u00f6rer und Kopfh\u00f6rer<br \/>\nnach DIN 45318<\/td>\n<td style=\"border: none;\">\n<p style=\"text-align: left;\"><span style=\"text-decoration: underline;\">Technische Daten nach Umbau<\/span><\/p>\n<p>Gewicht: ca. 8 kg<br \/>\nNetzspannung: 100 &#8211; 240 V, Wechselstrom<br \/>\nAufnahme bei 220 V: &lt; 60 W<br \/>\nBildschirm: 17 Zoll LCD<br \/>\nSeitenverh\u00e4ltnis: 4:3<br \/>\nAufl\u00f6sung: max. 1280&#215;1024<br \/>\nTuner: Analog<br \/>\nSCART<br \/>\nS-Video<br \/>\nComposite AV<br \/>\nVGA<br \/>\nAudio-In (Klinke 3,5)<br \/>\nAudio-Out (Klinke 3,5)<br \/>\nLautsprecher: 2 x 2 W<br \/>\nBesonderheiten: Slot-In DVD-Player,<br \/>\nFernbedienung<\/td>\n<\/tr>\n<\/tbody>\n<\/table>\n","protected":false},"excerpt":{"rendered":"<p>Der Grundig Triumph 1716 ist eine Variation des 1715 und unterscheidet sich von diesem in einigen marginalen \u00e4u\u00dferlichen Details. Er wurde ebenfalls in den Jahren 1973 bis 1975 gebaut und war Teil der Serie tragbarer Fernseher. &nbsp; Urspr\u00fcngliche technische Daten Gewicht: 14 kg Batteriespannung: 12 V Netzspannung: 220 V, Wechselstrom Aufnahme bei 220 V: 35 [&hellip;]<\/p>\n","protected":false},"author":1,"featured_media":0,"parent":0,"menu_order":0,"comment_status":"closed","ping_status":"closed","template":"","meta":{"footnotes":""},"class_list":["post-82","page","type-page","status-publish","hentry"],"_links":{"self":[{"href":"https:\/\/monotransistor.de\/index.php?rest_route=\/wp\/v2\/pages\/82","targetHints":{"allow":["GET"]}}],"collection":[{"href":"https:\/\/monotransistor.de\/index.php?rest_route=\/wp\/v2\/pages"}],"about":[{"href":"https:\/\/monotransistor.de\/index.php?rest_route=\/wp\/v2\/types\/page"}],"author":[{"embeddable":true,"href":"https:\/\/monotransistor.de\/index.php?rest_route=\/wp\/v2\/users\/1"}],"replies":[{"embeddable":true,"href":"https:\/\/monotransistor.de\/index.php?rest_route=%2Fwp%2Fv2%2Fcomments&post=82"}],"version-history":[{"count":12,"href":"https:\/\/monotransistor.de\/index.php?rest_route=\/wp\/v2\/pages\/82\/revisions"}],"predecessor-version":[{"id":155,"href":"https:\/\/monotransistor.de\/index.php?rest_route=\/wp\/v2\/pages\/82\/revisions\/155"}],"wp:attachment":[{"href":"https:\/\/monotransistor.de\/index.php?rest_route=%2Fwp%2Fv2%2Fmedia&parent=82"}],"curies":[{"name":"wp","href":"https:\/\/api.w.org\/{rel}","templated":true}]}}